{"id":16,"date":"2025-05-02T15:33:50","date_gmt":"2025-05-02T15:33:50","guid":{"rendered":"https:\/\/psychotherapie-huegle.de\/?page_id=16"},"modified":"2025-07-11T15:16:56","modified_gmt":"2025-07-11T15:16:56","slug":"impressum","status":"publish","type":"page","link":"https:\/\/psychotherapie-huegle.de\/en\/impressum\/","title":{"rendered":"Legal Notice"},"content":{"rendered":"<div data-elementor-type=\"wp-page\" data-elementor-id=\"16\" class=\"elementor elementor-16\" data-elementor-post-type=\"page\">\n\t\t\t\t<div class=\"elementor-element elementor-element-6c02d67 e-flex e-con-boxed e-con e-parent\" data-id=\"6c02d67\" data-element_type=\"container\" data-e-type=\"container\">\n\t\t\t\t\t<div class=\"e-con-inner\">\n\t\t\t\t<div class=\"elementor-element elementor-element-1cd4f04 elementor-widget elementor-widget-erecht24\" data-id=\"1cd4f04\" data-element_type=\"widget\" data-e-type=\"widget\" data-widget_type=\"erecht24.default\">\n\t\t\t\t<div class=\"elementor-widget-container\">\n\t\t\t\t\t<div class=\"erecht24-elementor-widget\"><div style=\"word-wrap: break-word;\"><h1>Legal Notice<\/h1>\r\n\r\n<p>Clemendina Ngina H\u00fcgle<br \/>\r\nWexstra\u00dfe 25<br \/>\r\n10715 Berlin<\/p>\r\n\r\n<h2>Contact Info<\/h2>\r\n<p>Telefon: +4915161436720<br \/>\r\nE-Mail: psychotherapie@clemendina-huegle.de<\/p>\r\n\r\n<h2>Berufsbezeichnung und berufsrechtliche Regelungen<\/h2>\r\n<p>Berufsbezeichnung:<br \/>\r\nPsychologische Psychotherapeutin<\/p>\r\n<p>Zust\u00e4ndige Kammer:<br \/>\r\nMitglied der Psychotherapeutenkammer Berlin (Kurf\u00fcrstendamm 184, 10707 Berlin)<br \/>\r\nArztregistereintrag bei der Kassen\u00e4rztlichen Vereinigung Berlin<br \/>\r\nApprobation verliehen vom Landesamt f\u00fcr Gesundheit und Soziales in Berlin, im Richtlinienverfahren Tiefenpsychologie<br \/>\r\nBerufsordnung und Kammergesetz: www.psychotherapeutenkammer-berlin.de<\/p>\r\n<p>Verliehen in:<br \/>\r\nDeutschland<\/p>\r\n<p>Es gelten folgende berufsrechtliche Regelungen:<\/p>\r\n<p>das Psychotherapeutengesetz<br \/>\r\n einsehbar unter: <a href=\"https:\/\/www.gesetze-im-internet.de\/psychthg_2020\/BJNR160410019.html\" target=\"_blank\" rel=\"noopener noreferrer\">https:\/\/www.gesetze-im-internet.de\/psychthg_2020\/BJNR160410019.html<\/a><\/p>\r\n<p>das Heilberufsgesetz des Landes Berlin<br \/>\r\n einsehbar unter: <a href=\"https:\/\/gesetze.berlin.de\/bsbe\/document\/jlr-HeilBKGBErahmen\" target=\"_blank\" rel=\"noopener noreferrer\">https:\/\/gesetze.berlin.de\/bsbe\/document\/jlr-HeilBKGBErahmen<\/a><\/p>\r\n<p>die Berufsordnung der Psychotherapeutenkammer Berlin<br \/>\r\n einsehbar unter: <a href=\"https:\/\/www.psychotherapeutenkammer-berlin.de\/system\/files\/berufsodurchgeschrtextfassung_13_09_2016.pdf\" target=\"_blank\" rel=\"noopener noreferrer\">https:\/\/www.psychotherapeutenkammer-berlin.de\/system\/files\/berufsodurchgeschrtextfassung_13_09_2016.pdf<\/a><\/p>\r\n<p>die Psychotherapie-Richtlinie<br \/>\r\n einsehbar unter: <a href=\"https:\/\/www.g-ba.de\/richtlinien\/20\/\" target=\"_blank\" rel=\"noopener noreferrer\">https:\/\/www.g-ba.de\/richtlinien\/20\/<\/a><\/p>\r\n<p>die Psychotherapie-Vereinbarung<br \/>\r\n einsehbar unter: <a href=\"https:\/\/www.kbv.de\/media\/sp\/01_Psychotherapie_Aerzte.pdf\" target=\"_blank\" rel=\"noopener noreferrer\">https:\/\/www.kbv.de\/media\/sp\/01_Psychotherapie_Aerzte.pdf<\/a><\/p>\r\n<p>die Beihilferichtlinien<br \/>\r\n einsehbar unter: <a href=\"https:\/\/www.bmi.bund.de\/DE\/themen\/oeffentlicher-dienst\/beamtinnen-und-beamte\/beihilfe\/beihilfe-node.html\" target=\"_blank\" rel=\"noopener noreferrer\">https:\/\/www.bmi.bund.de\/DE\/themen\/oeffentlicher-dienst\/beamtinnen-und-beamte\/beihilfe\/beihilfe-node.html<\/a><\/p>\r\n<h2>Verbraucher\u00adstreit\u00adbeilegung\/Universal\u00adschlichtungs\u00adstelle<\/h2>\r\n<p>Wir sind nicht bereit oder verpflichtet, an Streitbeilegungsverfahren vor einer Verbraucherschlichtungsstelle teilzunehmen.<\/p><\/div><\/div>\t\t\t\t<\/div>\n\t\t\t\t<\/div>\n\t\t<div class=\"elementor-element elementor-element-470aa0c e-con-full e-flex e-con e-child\" data-id=\"470aa0c\" data-element_type=\"container\" data-e-type=\"container\">\n\t\t\t\t<div class=\"elementor-element elementor-element-dba137f elementor-widget elementor-widget-html\" data-id=\"dba137f\" data-element_type=\"widget\" data-e-type=\"widget\" data-widget_type=\"html.default\">\n\t\t\t\t<div class=\"elementor-widget-container\">\n\t\t\t\t\t<div style=\"position:fixed;top:200px;right:0;display:block;text-align:center;background-color:#107ACA; color:#ffffff;font-size:14px;width:80px;border-radius:4px 0 0 4px;padding:5px;z-index:999;opacity:0.85;box-shadow:1px 2px 4px rgba(0,0,0,0.2);line-height:1.4;\">\r\n<img decoding=\"async\" style=\"display:inline-block;height:18px;margin-top:3px;margin-bottom:3px;vertical-align:middle;width:auto\" src=\"https:\/\/www.doctolib.de\/external_button\/doctolib-white-transparent.png\" alt=\"Doctolib\"\/>\r\n<a style=\"display:block;color:#107ACA;text-decoration:none;padding:6px;margin-top:5px;background:#fff;border-radius:4px;\" href=\"https:\/\/www.doctolib.de\/psychologischer-psychotherapeut-psychotherapeutin\/berlin\/clemendina-huegle?utm_campaign=website-button&amp;utm_source=clemendina-huegle-website-button&amp;utm_medium=referral&amp;utm_content=option-8&amp;utm_term=clemendina-huegle\" target=\"_blank\" rel=\"noopener noreferrer\" >Termin<\/a>\r\n<a style=\"display:block;color:#107ACA;text-decoration:none;padding:5px;margin-top:5px;background:#fff;border-radius:4px;\" href=\"https:\/\/www.doctolib.de\/psychologischer-psychotherapeut-psychotherapeutin\/berlin\/clemendina-huegle\/patient-request?utm_campaign=website-button&amp;utm_source=clemendina-huegle\/patient-request-website-button&amp;utm_medium=referral&amp;utm_content=option-8&amp;utm_term=clemendina-huegle\/patient-request\" target=\"_blank\" rel=\"noopener noreferrer\" >Nachricht<\/a>\r\n<\/div>\r\n\t\t\t\t<\/div>\n\t\t\t\t<\/div>\n\t\t\t\t<\/div>\n\t\t\t\t\t<\/div>\n\t\t\t\t<\/div>\n\t\t\t\t<\/div>","protected":false},"excerpt":{"rendered":"<p>Impressum Clemendina Ngina H\u00fcgle Wexstra\u00dfe 25 10715 Berlin Kontakt Telefon: +4915161436720 E-Mail: psychotherapie@clemendina-huegle.de Berufsbezeichnung und berufsrechtliche Regelungen Berufsbezeichnung: Psychologische Psychotherapeutin Zust\u00e4ndige Kammer: Mitglied der Psychotherapeutenkammer Berlin (Kurf\u00fcrstendamm 184, 10707 Berlin) Arztregistereintrag bei der Kassen\u00e4rztlichen Vereinigung Berlin Approbation verliehen vom Landesamt f\u00fcr Gesundheit und Soziales in Berlin, im Richtlinienverfahren Tiefenpsychologie Berufsordnung und Kammergesetz: www.psychotherapeutenkammer-berlin.de Verliehen in: &#8230; <a title=\"Legal Notice\" class=\"read-more\" href=\"https:\/\/psychotherapie-huegle.de\/en\/impressum\/\" aria-label=\"Read more about Impressum\">Read more<\/a><\/p>","protected":false},"author":1,"featured_media":0,"parent":0,"menu_order":0,"comment_status":"closed","ping_status":"closed","template":"elementor_header_footer","meta":{"footnotes":""},"class_list":["post-16","page","type-page","status-publish"],"yoast_head":"<!-- This site is optimized with the Yoast SEO plugin v27.4 - https:\/\/yoast.com\/product\/yoast-seo-wordpress\/ -->\n<title>Impressum - Psychotherapie Huegle<\/title>\n<meta name=\"robots\" content=\"index, follow, max-snippet:-1, max-image-preview:large, max-video-preview:-1\" \/>\n<link rel=\"canonical\" href=\"https:\/\/psychotherapie-huegle.de\/en\/impressum\/\" \/>\n<meta property=\"og:locale\" content=\"en_US\" \/>\n<meta property=\"og:type\" content=\"article\" \/>\n<meta property=\"og:title\" content=\"Impressum - Psychotherapie Huegle\" \/>\n<meta property=\"og:description\" content=\"Impressum Clemendina Ngina H\u00fcgle Wexstra\u00dfe 25 10715 Berlin Kontakt Telefon: +4915161436720 E-Mail: psychotherapie@clemendina-huegle.de Berufsbezeichnung und berufsrechtliche Regelungen Berufsbezeichnung: Psychologische Psychotherapeutin Zust\u00e4ndige Kammer: Mitglied der Psychotherapeutenkammer Berlin (Kurf\u00fcrstendamm 184, 10707 Berlin) Arztregistereintrag bei der Kassen\u00e4rztlichen Vereinigung Berlin Approbation verliehen vom Landesamt f\u00fcr Gesundheit und Soziales in Berlin, im Richtlinienverfahren Tiefenpsychologie Berufsordnung und Kammergesetz: www.psychotherapeutenkammer-berlin.de Verliehen in: ... Read more\" \/>\n<meta property=\"og:url\" content=\"https:\/\/psychotherapie-huegle.de\/en\/impressum\/\" \/>\n<meta property=\"og:site_name\" content=\"Psychotherapie Huegle\" \/>\n<meta property=\"article:modified_time\" content=\"2025-07-11T15:16:56+00:00\" \/>\n<meta property=\"og:image\" content=\"https:\/\/www.doctolib.de\/external_button\/doctolib-white-transparent.png\" \/>\n<meta name=\"twitter:card\" content=\"summary_large_image\" \/>\n<meta name=\"twitter:label1\" content=\"Est. reading time\" \/>\n\t<meta name=\"twitter:data1\" content=\"1 minute\" \/>\n<script type=\"application\/ld+json\" class=\"yoast-schema-graph\">{\"@context\":\"https:\\\/\\\/schema.org\",\"@graph\":[{\"@type\":\"WebPage\",\"@id\":\"https:\\\/\\\/psychotherapie-huegle.de\\\/impressum\\\/\",\"url\":\"https:\\\/\\\/psychotherapie-huegle.de\\\/impressum\\\/\",\"name\":\"Impressum - Psychotherapie Huegle\",\"isPartOf\":{\"@id\":\"https:\\\/\\\/psychotherapie-huegle.de\\\/#website\"},\"primaryImageOfPage\":{\"@id\":\"https:\\\/\\\/psychotherapie-huegle.de\\\/impressum\\\/#primaryimage\"},\"image\":{\"@id\":\"https:\\\/\\\/psychotherapie-huegle.de\\\/impressum\\\/#primaryimage\"},\"thumbnailUrl\":\"https:\\\/\\\/www.doctolib.de\\\/external_button\\\/doctolib-white-transparent.png\",\"datePublished\":\"2025-05-02T15:33:50+00:00\",\"dateModified\":\"2025-07-11T15:16:56+00:00\",\"breadcrumb\":{\"@id\":\"https:\\\/\\\/psychotherapie-huegle.de\\\/impressum\\\/#breadcrumb\"},\"inLanguage\":\"en-US\",\"potentialAction\":[{\"@type\":\"ReadAction\",\"target\":[\"https:\\\/\\\/psychotherapie-huegle.de\\\/impressum\\\/\"]}]},{\"@type\":\"ImageObject\",\"inLanguage\":\"en-US\",\"@id\":\"https:\\\/\\\/psychotherapie-huegle.de\\\/impressum\\\/#primaryimage\",\"url\":\"https:\\\/\\\/www.doctolib.de\\\/external_button\\\/doctolib-white-transparent.png\",\"contentUrl\":\"https:\\\/\\\/www.doctolib.de\\\/external_button\\\/doctolib-white-transparent.png\"},{\"@type\":\"BreadcrumbList\",\"@id\":\"https:\\\/\\\/psychotherapie-huegle.de\\\/impressum\\\/#breadcrumb\",\"itemListElement\":[{\"@type\":\"ListItem\",\"position\":1,\"name\":\"Home\",\"item\":\"https:\\\/\\\/psychotherapie-huegle.de\\\/\"},{\"@type\":\"ListItem\",\"position\":2,\"name\":\"Impressum\"}]},{\"@type\":\"WebSite\",\"@id\":\"https:\\\/\\\/psychotherapie-huegle.de\\\/#website\",\"url\":\"https:\\\/\\\/psychotherapie-huegle.de\\\/\",\"name\":\"Psychotherapie Huegle\",\"description\":\"Psychotherapie Huegle\",\"publisher\":{\"@id\":\"https:\\\/\\\/psychotherapie-huegle.de\\\/#organization\"},\"potentialAction\":[{\"@type\":\"SearchAction\",\"target\":{\"@type\":\"EntryPoint\",\"urlTemplate\":\"https:\\\/\\\/psychotherapie-huegle.de\\\/?s={search_term_string}\"},\"query-input\":{\"@type\":\"PropertyValueSpecification\",\"valueRequired\":true,\"valueName\":\"search_term_string\"}}],\"inLanguage\":\"en-US\"},{\"@type\":\"Organization\",\"@id\":\"https:\\\/\\\/psychotherapie-huegle.de\\\/#organization\",\"name\":\"Psychotherapie Huegle\",\"url\":\"https:\\\/\\\/psychotherapie-huegle.de\\\/\",\"logo\":{\"@type\":\"ImageObject\",\"inLanguage\":\"en-US\",\"@id\":\"https:\\\/\\\/psychotherapie-huegle.de\\\/#\\\/schema\\\/logo\\\/image\\\/\",\"url\":\"https:\\\/\\\/psychotherapie-huegle.de\\\/wp-content\\\/uploads\\\/2025\\\/05\\\/Clemendina-Logo-2-350-x-100-px-1.png\",\"contentUrl\":\"https:\\\/\\\/psychotherapie-huegle.de\\\/wp-content\\\/uploads\\\/2025\\\/05\\\/Clemendina-Logo-2-350-x-100-px-1.png\",\"width\":700,\"height\":200,\"caption\":\"Psychotherapie Huegle\"},\"image\":{\"@id\":\"https:\\\/\\\/psychotherapie-huegle.de\\\/#\\\/schema\\\/logo\\\/image\\\/\"}}]}<\/script>\n<!-- \/ Yoast SEO plugin. -->","yoast_head_json":{"title":"Impressum - Psychotherapie Huegle","robots":{"index":"index","follow":"follow","max-snippet":"max-snippet:-1","max-image-preview":"max-image-preview:large","max-video-preview":"max-video-preview:-1"},"canonical":"https:\/\/psychotherapie-huegle.de\/en\/impressum\/","og_locale":"en_US","og_type":"article","og_title":"Impressum - Psychotherapie Huegle","og_description":"Impressum Clemendina Ngina H\u00fcgle Wexstra\u00dfe 25 10715 Berlin Kontakt Telefon: +4915161436720 E-Mail: psychotherapie@clemendina-huegle.de Berufsbezeichnung und berufsrechtliche Regelungen Berufsbezeichnung: Psychologische Psychotherapeutin Zust\u00e4ndige Kammer: Mitglied der Psychotherapeutenkammer Berlin (Kurf\u00fcrstendamm 184, 10707 Berlin) Arztregistereintrag bei der Kassen\u00e4rztlichen Vereinigung Berlin Approbation verliehen vom Landesamt f\u00fcr Gesundheit und Soziales in Berlin, im Richtlinienverfahren Tiefenpsychologie Berufsordnung und Kammergesetz: www.psychotherapeutenkammer-berlin.de Verliehen in: ... Read more","og_url":"https:\/\/psychotherapie-huegle.de\/en\/impressum\/","og_site_name":"Psychotherapie Huegle","article_modified_time":"2025-07-11T15:16:56+00:00","og_image":[{"url":"https:\/\/www.doctolib.de\/external_button\/doctolib-white-transparent.png","type":"","width":"","height":""}],"twitter_card":"summary_large_image","twitter_misc":{"Est. reading time":"1 minute"},"schema":{"@context":"https:\/\/schema.org","@graph":[{"@type":"WebPage","@id":"https:\/\/psychotherapie-huegle.de\/impressum\/","url":"https:\/\/psychotherapie-huegle.de\/impressum\/","name":"Impressum - Psychotherapie Huegle","isPartOf":{"@id":"https:\/\/psychotherapie-huegle.de\/#website"},"primaryImageOfPage":{"@id":"https:\/\/psychotherapie-huegle.de\/impressum\/#primaryimage"},"image":{"@id":"https:\/\/psychotherapie-huegle.de\/impressum\/#primaryimage"},"thumbnailUrl":"https:\/\/www.doctolib.de\/external_button\/doctolib-white-transparent.png","datePublished":"2025-05-02T15:33:50+00:00","dateModified":"2025-07-11T15:16:56+00:00","breadcrumb":{"@id":"https:\/\/psychotherapie-huegle.de\/impressum\/#breadcrumb"},"inLanguage":"en-US","potentialAction":[{"@type":"ReadAction","target":["https:\/\/psychotherapie-huegle.de\/impressum\/"]}]},{"@type":"ImageObject","inLanguage":"en-US","@id":"https:\/\/psychotherapie-huegle.de\/impressum\/#primaryimage","url":"https:\/\/www.doctolib.de\/external_button\/doctolib-white-transparent.png","contentUrl":"https:\/\/www.doctolib.de\/external_button\/doctolib-white-transparent.png"},{"@type":"BreadcrumbList","@id":"https:\/\/psychotherapie-huegle.de\/impressum\/#breadcrumb","itemListElement":[{"@type":"ListItem","position":1,"name":"Home","item":"https:\/\/psychotherapie-huegle.de\/"},{"@type":"ListItem","position":2,"name":"Impressum"}]},{"@type":"WebSite","@id":"https:\/\/psychotherapie-huegle.de\/#website","url":"https:\/\/psychotherapie-huegle.de\/","name":"Psychotherapie Huegle","description":"Psychotherapie Huegle","publisher":{"@id":"https:\/\/psychotherapie-huegle.de\/#organization"},"potentialAction":[{"@type":"SearchAction","target":{"@type":"EntryPoint","urlTemplate":"https:\/\/psychotherapie-huegle.de\/?s={search_term_string}"},"query-input":{"@type":"PropertyValueSpecification","valueRequired":true,"valueName":"search_term_string"}}],"inLanguage":"en-US"},{"@type":"Organization","@id":"https:\/\/psychotherapie-huegle.de\/#organization","name":"Psychotherapie Huegle","url":"https:\/\/psychotherapie-huegle.de\/","logo":{"@type":"ImageObject","inLanguage":"en-US","@id":"https:\/\/psychotherapie-huegle.de\/#\/schema\/logo\/image\/","url":"https:\/\/psychotherapie-huegle.de\/wp-content\/uploads\/2025\/05\/Clemendina-Logo-2-350-x-100-px-1.png","contentUrl":"https:\/\/psychotherapie-huegle.de\/wp-content\/uploads\/2025\/05\/Clemendina-Logo-2-350-x-100-px-1.png","width":700,"height":200,"caption":"Psychotherapie Huegle"},"image":{"@id":"https:\/\/psychotherapie-huegle.de\/#\/schema\/logo\/image\/"}}]}},"_links":{"self":[{"href":"https:\/\/psychotherapie-huegle.de\/en\/wp-json\/wp\/v2\/pages\/16","targetHints":{"allow":["GET"]}}],"collection":[{"href":"https:\/\/psychotherapie-huegle.de\/en\/wp-json\/wp\/v2\/pages"}],"about":[{"href":"https:\/\/psychotherapie-huegle.de\/en\/wp-json\/wp\/v2\/types\/page"}],"author":[{"embeddable":true,"href":"https:\/\/psychotherapie-huegle.de\/en\/wp-json\/wp\/v2\/users\/1"}],"replies":[{"embeddable":true,"href":"https:\/\/psychotherapie-huegle.de\/en\/wp-json\/wp\/v2\/comments?post=16"}],"version-history":[{"count":13,"href":"https:\/\/psychotherapie-huegle.de\/en\/wp-json\/wp\/v2\/pages\/16\/revisions"}],"predecessor-version":[{"id":944,"href":"https:\/\/psychotherapie-huegle.de\/en\/wp-json\/wp\/v2\/pages\/16\/revisions\/944"}],"wp:attachment":[{"href":"https:\/\/psychotherapie-huegle.de\/en\/wp-json\/wp\/v2\/media?parent=16"}],"curies":[{"name":"wp","href":"https:\/\/api.w.org\/{rel}","templated":true}]}}